{"id":26155,"date":"2024-01-11T11:52:19","date_gmt":"2024-01-11T10:52:19","guid":{"rendered":"https:\/\/bombayexpress.at\/novinky\/"},"modified":"2024-04-16T13:57:01","modified_gmt":"2024-04-16T11:57:01","slug":"news","status":"publish","type":"page","link":"https:\/\/bombayexpress.at\/en\/news\/","title":{"rendered":"News"},"content":{"rendered":"    <section class=\"block block-news-dynamic\" >\n        <div class=\"container\">\n            <main class=\"news\">\n                <div class=\"listing\">\n                    <div class=\"facetwp-template\" data-name=\"novinky\"><article class=\"post\">\n            <a class=\"image\" href=\"https:\/\/bombayexpress.at\/en\/2026\/04\/30\/opening-hours-on-may-1st\/\">\n            <img decoding=\"async\" width=\"768\" height=\"512\" data-src=\"https:\/\/bombayexpress.at\/wp-content\/smush-webp\/sites\/3\/2025\/11\/2025_11_10_Bombay_Express_MG_6837-768x512.jpg.webp\" class=\"thumbnail wp-post-image lazyload\" alt=\"Opening Hours on May 1st\" data-srcset=\"https:\/\/bombayexpress.at\/wp-content\/smush-webp\/sites\/3\/2025\/11\/2025_11_10_Bombay_Express_MG_6837-768x512.jpg.webp 768w, https:\/\/bombayexpress.at\/wp-content\/smush-webp\/sites\/3\/2025\/11\/2025_11_10_Bombay_Express_MG_6837-800x533.jpg.webp 800w, https:\/\/bombayexpress.at\/wp-content\/smush-webp\/sites\/3\/2025\/11\/2025_11_10_Bombay_Express_MG_6837-1200x800.jpg.webp 1200w, https:\/\/bombayexpress.at\/wp-content\/smush-webp\/sites\/3\/2025\/11\/2025_11_10_Bombay_Express_MG_6837-1536x1024.jpg.webp 1536w, https:\/\/bombayexpress.at\/wp-content\/smush-webp\/sites\/3\/2025\/11\/2025_11_10_Bombay_Express_MG_6837-384x256.jpg.webp 384w, https:\/\/bombayexpress.at\/wp-content\/smush-webp\/sites\/3\/2025\/11\/2025_11_10_Bombay_Express_MG_6837-576x384.jpg.webp 576w, https:\/\/bombayexpress.at\/wp-content\/smush-webp\/sites\/3\/2025\/11\/2025_11_10_Bombay_Express_MG_6837-1152x768.jpg.webp 1152w\" data-sizes=\"(max-width: 768px) 100vw, 768px\" src=\"data:image\/svg+xml;base64,PHN2ZyB3aWR0aD0iMSIgaGVpZ2h0PSIxIiB4bWxucz0iaHR0cDovL3d3dy53My5vcmcvMjAwMC9zdmciPjwvc3ZnPg==\" style=\"--smush-placeholder-width: 768px; --smush-placeholder-aspect-ratio: 768\/512;\" \/>        <\/a>\n        <p class=\"date\">\n        30.&nbsp;04.&nbsp;2026    <\/p>\n    <h2><a href=\"https:\/\/bombayexpress.at\/en\/2026\/04\/30\/opening-hours-on-may-1st\/\">Opening Hours on May 1st<\/a><\/h2>\n    <div class=\"excerpt\">\n        <p>Our locations will have different opening hours on May 1st.<\/p>\n    <\/div>\n<\/article><article class=\"post\">\n            <a class=\"image\" href=\"https:\/\/bombayexpress.at\/en\/2026\/04\/02\/easter-opening-hours-3\/\">\n            <img decoding=\"async\" width=\"768\" height=\"512\" data-src=\"https:\/\/bombayexpress.at\/wp-content\/smush-webp\/sites\/3\/2025\/09\/2025_11_10_Bombay_Express_MG_6791-768x512.jpg.webp\" class=\"thumbnail wp-post-image lazyload\" alt=\"Easter Opening Hours\" data-srcset=\"https:\/\/bombayexpress.at\/wp-content\/smush-webp\/sites\/3\/2025\/09\/2025_11_10_Bombay_Express_MG_6791-768x512.jpg.webp 768w, https:\/\/bombayexpress.at\/wp-content\/smush-webp\/sites\/3\/2025\/09\/2025_11_10_Bombay_Express_MG_6791-800x533.jpg.webp 800w, https:\/\/bombayexpress.at\/wp-content\/smush-webp\/sites\/3\/2025\/09\/2025_11_10_Bombay_Express_MG_6791-1200x800.jpg.webp 1200w, https:\/\/bombayexpress.at\/wp-content\/smush-webp\/sites\/3\/2025\/09\/2025_11_10_Bombay_Express_MG_6791-1536x1024.jpg.webp 1536w, https:\/\/bombayexpress.at\/wp-content\/smush-webp\/sites\/3\/2025\/09\/2025_11_10_Bombay_Express_MG_6791-384x256.jpg.webp 384w, https:\/\/bombayexpress.at\/wp-content\/smush-webp\/sites\/3\/2025\/09\/2025_11_10_Bombay_Express_MG_6791-576x384.jpg.webp 576w, https:\/\/bombayexpress.at\/wp-content\/smush-webp\/sites\/3\/2025\/09\/2025_11_10_Bombay_Express_MG_6791-1152x768.jpg.webp 1152w\" data-sizes=\"(max-width: 768px) 100vw, 768px\" src=\"data:image\/svg+xml;base64,PHN2ZyB3aWR0aD0iMSIgaGVpZ2h0PSIxIiB4bWxucz0iaHR0cDovL3d3dy53My5vcmcvMjAwMC9zdmciPjwvc3ZnPg==\" style=\"--smush-placeholder-width: 768px; --smush-placeholder-aspect-ratio: 768\/512;\" \/>        <\/a>\n        <p class=\"date\">\n        02.&nbsp;04.&nbsp;2026    <\/p>\n    <h2><a href=\"https:\/\/bombayexpress.at\/en\/2026\/04\/02\/easter-opening-hours-3\/\">Easter Opening Hours<\/a><\/h2>\n    <div class=\"excerpt\">\n        <p>Here you&#8217;ll find an overview of our opening hours during the Easter holidays.<\/p>\n    <\/div>\n<\/article><article class=\"post\">\n            <a class=\"image\" href=\"https:\/\/bombayexpress.at\/en\/2026\/03\/04\/happy-holi\/\">\n            <img decoding=\"async\" width=\"768\" height=\"512\" data-src=\"https:\/\/bombayexpress.at\/wp-content\/smush-webp\/sites\/3\/2026\/03\/AdobeStock_113135642-768x512.jpeg.webp\" class=\"thumbnail wp-post-image lazyload\" alt=\"Happy Holi!\" data-srcset=\"https:\/\/bombayexpress.at\/wp-content\/smush-webp\/sites\/3\/2026\/03\/AdobeStock_113135642-768x512.jpeg.webp 768w, https:\/\/bombayexpress.at\/wp-content\/smush-webp\/sites\/3\/2026\/03\/AdobeStock_113135642-800x533.jpeg.webp 800w, https:\/\/bombayexpress.at\/wp-content\/smush-webp\/sites\/3\/2026\/03\/AdobeStock_113135642-1200x800.jpeg.webp 1200w, https:\/\/bombayexpress.at\/wp-content\/smush-webp\/sites\/3\/2026\/03\/AdobeStock_113135642-1536x1024.jpeg.webp 1536w, https:\/\/bombayexpress.at\/wp-content\/smush-webp\/sites\/3\/2026\/03\/AdobeStock_113135642-384x256.jpeg.webp 384w, https:\/\/bombayexpress.at\/wp-content\/smush-webp\/sites\/3\/2026\/03\/AdobeStock_113135642-576x384.jpeg.webp 576w, https:\/\/bombayexpress.at\/wp-content\/smush-webp\/sites\/3\/2026\/03\/AdobeStock_113135642-1152x768.jpeg.webp 1152w\" data-sizes=\"(max-width: 768px) 100vw, 768px\" src=\"data:image\/svg+xml;base64,PHN2ZyB3aWR0aD0iMSIgaGVpZ2h0PSIxIiB4bWxucz0iaHR0cDovL3d3dy53My5vcmcvMjAwMC9zdmciPjwvc3ZnPg==\" style=\"--smush-placeholder-width: 768px; --smush-placeholder-aspect-ratio: 768\/512;\" \/>        <\/a>\n        <p class=\"date\">\n        04.&nbsp;03.&nbsp;2026    <\/p>\n    <h2><a href=\"https:\/\/bombayexpress.at\/en\/2026\/03\/04\/happy-holi\/\">Happy Holi!<\/a><\/h2>\n    <div class=\"excerpt\">\n        <p>India celebrates Holi &#8211; the vibrant spring festival that welcomes a&nbsp;new season and new beginnings.<\/p>\n    <\/div>\n<\/article><article class=\"post\">\n            <a class=\"image\" href=\"https:\/\/bombayexpress.at\/en\/2026\/01\/20\/10-student-discount-at-bombay-express\/\">\n            <img decoding=\"async\" width=\"768\" height=\"512\" data-src=\"https:\/\/bombayexpress.at\/wp-content\/smush-webp\/sites\/3\/2025\/09\/2025_11_10_Bombay_Express_MG_7384-768x512.jpg.webp\" class=\"thumbnail wp-post-image lazyload\" alt=\"10% Student Discount at Bombay Express\" data-srcset=\"https:\/\/bombayexpress.at\/wp-content\/smush-webp\/sites\/3\/2025\/09\/2025_11_10_Bombay_Express_MG_7384-768x512.jpg.webp 768w, https:\/\/bombayexpress.at\/wp-content\/smush-webp\/sites\/3\/2025\/09\/2025_11_10_Bombay_Express_MG_7384-800x533.jpg.webp 800w, https:\/\/bombayexpress.at\/wp-content\/smush-webp\/sites\/3\/2025\/09\/2025_11_10_Bombay_Express_MG_7384-1200x800.jpg.webp 1200w, https:\/\/bombayexpress.at\/wp-content\/smush-webp\/sites\/3\/2025\/09\/2025_11_10_Bombay_Express_MG_7384-1536x1024.jpg.webp 1536w, https:\/\/bombayexpress.at\/wp-content\/smush-webp\/sites\/3\/2025\/09\/2025_11_10_Bombay_Express_MG_7384-384x256.jpg.webp 384w, https:\/\/bombayexpress.at\/wp-content\/smush-webp\/sites\/3\/2025\/09\/2025_11_10_Bombay_Express_MG_7384-576x384.jpg.webp 576w, https:\/\/bombayexpress.at\/wp-content\/smush-webp\/sites\/3\/2025\/09\/2025_11_10_Bombay_Express_MG_7384-1152x768.jpg.webp 1152w\" data-sizes=\"(max-width: 768px) 100vw, 768px\" src=\"data:image\/svg+xml;base64,PHN2ZyB3aWR0aD0iMSIgaGVpZ2h0PSIxIiB4bWxucz0iaHR0cDovL3d3dy53My5vcmcvMjAwMC9zdmciPjwvc3ZnPg==\" style=\"--smush-placeholder-width: 768px; --smush-placeholder-aspect-ratio: 768\/512;\" \/>        <\/a>\n        <p class=\"date\">\n        20.&nbsp;01.&nbsp;2026    <\/p>\n    <h2><a href=\"https:\/\/bombayexpress.at\/en\/2026\/01\/20\/10-student-discount-at-bombay-express\/\">10% Student Discount at Bombay Express<\/a><\/h2>\n    <div class=\"excerpt\">\n        <p>Good news for all students! At Bombay Express, you can now enjoy a&nbsp;10% discount on your entire order with ISIC. <\/p>\n    <\/div>\n<\/article><article class=\"post\">\n            <a class=\"image\" href=\"https:\/\/bombayexpress.at\/en\/2026\/01\/14\/now-new-delivery-via-lieferando\/\">\n            <img decoding=\"async\" width=\"768\" height=\"512\" data-src=\"https:\/\/bombayexpress.at\/wp-content\/smush-webp\/sites\/3\/2026\/01\/DSC_3665-768x512.jpg.webp\" class=\"thumbnail wp-post-image lazyload\" alt=\"Now new: Delivery via Lieferando\" data-srcset=\"https:\/\/bombayexpress.at\/wp-content\/smush-webp\/sites\/3\/2026\/01\/DSC_3665-768x512.jpg.webp 768w, https:\/\/bombayexpress.at\/wp-content\/smush-webp\/sites\/3\/2026\/01\/DSC_3665-800x533.jpg.webp 800w, https:\/\/bombayexpress.at\/wp-content\/smush-webp\/sites\/3\/2026\/01\/DSC_3665-1200x800.jpg.webp 1200w, https:\/\/bombayexpress.at\/wp-content\/smush-webp\/sites\/3\/2026\/01\/DSC_3665-1536x1024.jpg.webp 1536w, https:\/\/bombayexpress.at\/wp-content\/smush-webp\/sites\/3\/2026\/01\/DSC_3665-384x256.jpg.webp 384w, https:\/\/bombayexpress.at\/wp-content\/smush-webp\/sites\/3\/2026\/01\/DSC_3665-576x384.jpg.webp 576w, https:\/\/bombayexpress.at\/wp-content\/smush-webp\/sites\/3\/2026\/01\/DSC_3665-1152x768.jpg.webp 1152w\" data-sizes=\"(max-width: 768px) 100vw, 768px\" src=\"data:image\/svg+xml;base64,PHN2ZyB3aWR0aD0iMSIgaGVpZ2h0PSIxIiB4bWxucz0iaHR0cDovL3d3dy53My5vcmcvMjAwMC9zdmciPjwvc3ZnPg==\" style=\"--smush-placeholder-width: 768px; --smush-placeholder-aspect-ratio: 768\/512;\" \/>        <\/a>\n        <p class=\"date\">\n        14.&nbsp;01.&nbsp;2026    <\/p>\n    <h2><a href=\"https:\/\/bombayexpress.at\/en\/2026\/01\/14\/now-new-delivery-via-lieferando\/\">Now new: Delivery via Lieferando<\/a><\/h2>\n    <div class=\"excerpt\">\n        <p>Our Indian dishes are now available for delivery through our partner Lieferando.<\/p>\n    <\/div>\n<\/article><article class=\"post\">\n            <a class=\"image\" href=\"https:\/\/bombayexpress.at\/en\/2025\/12\/22\/festive-opening-hours\/\">\n            <img decoding=\"async\" width=\"768\" height=\"512\" data-src=\"https:\/\/bombayexpress.at\/wp-content\/smush-webp\/sites\/3\/2025\/12\/Va\u2560unoce_820x360_01-768x512.jpg.webp\" class=\"thumbnail wp-post-image lazyload\" alt=\"Festive opening hours\" data-srcset=\"https:\/\/bombayexpress.at\/wp-content\/smush-webp\/sites\/3\/2025\/12\/Va\u2560unoce_820x360_01-768x512.jpg.webp 768w, https:\/\/bombayexpress.at\/wp-content\/smush-webp\/sites\/3\/2025\/12\/Va\u2560unoce_820x360_01-384x256.jpg.webp 384w, https:\/\/bombayexpress.at\/wp-content\/smush-webp\/sites\/3\/2025\/12\/Va\u2560unoce_820x360_01-576x384.jpg.webp 576w\" data-sizes=\"(max-width: 768px) 100vw, 768px\" src=\"data:image\/svg+xml;base64,PHN2ZyB3aWR0aD0iMSIgaGVpZ2h0PSIxIiB4bWxucz0iaHR0cDovL3d3dy53My5vcmcvMjAwMC9zdmciPjwvc3ZnPg==\" style=\"--smush-placeholder-width: 768px; --smush-placeholder-aspect-ratio: 768\/512;\" \/>        <\/a>\n        <p class=\"date\">\n        22.&nbsp;12.&nbsp;2025    <\/p>\n    <h2><a href=\"https:\/\/bombayexpress.at\/en\/2025\/12\/22\/festive-opening-hours\/\">Festive opening hours<\/a><\/h2>\n    <div class=\"excerpt\">\n        <p>Overview of opening hours during the Christmas and New Year holidays.<\/p>\n    <\/div>\n<\/article><article class=\"post\">\n            <a class=\"image\" href=\"https:\/\/bombayexpress.at\/en\/2025\/11\/05\/jetzt-auch-in-der-westfield-shopping-city-sued\/\">\n            <img decoding=\"async\" width=\"768\" height=\"512\" data-src=\"https:\/\/bombayexpress.at\/wp-content\/smush-webp\/sites\/3\/2025\/09\/Shopping-City-Sued-Entrance-768x512.jpg.webp\" class=\"thumbnail wp-post-image lazyload\" alt=\"Now Open in Westfield Shopping City S\u00fcd!\" data-srcset=\"https:\/\/bombayexpress.at\/wp-content\/smush-webp\/sites\/3\/2025\/09\/Shopping-City-Sued-Entrance-768x512.jpg.webp 768w, https:\/\/bombayexpress.at\/wp-content\/smush-webp\/sites\/3\/2025\/09\/Shopping-City-Sued-Entrance-1536x1024.jpg.webp 1536w, https:\/\/bombayexpress.at\/wp-content\/smush-webp\/sites\/3\/2025\/09\/Shopping-City-Sued-Entrance-384x256.jpg.webp 384w, https:\/\/bombayexpress.at\/wp-content\/smush-webp\/sites\/3\/2025\/09\/Shopping-City-Sued-Entrance-576x384.jpg.webp 576w, https:\/\/bombayexpress.at\/wp-content\/smush-webp\/sites\/3\/2025\/09\/Shopping-City-Sued-Entrance-1152x768.jpg.webp 1152w\" data-sizes=\"(max-width: 768px) 100vw, 768px\" src=\"data:image\/svg+xml;base64,PHN2ZyB3aWR0aD0iMSIgaGVpZ2h0PSIxIiB4bWxucz0iaHR0cDovL3d3dy53My5vcmcvMjAwMC9zdmciPjwvc3ZnPg==\" style=\"--smush-placeholder-width: 768px; --smush-placeholder-aspect-ratio: 768\/512;\" \/>        <\/a>\n        <p class=\"date\">\n        05.&nbsp;11.&nbsp;2025    <\/p>\n    <h2><a href=\"https:\/\/bombayexpress.at\/en\/2025\/11\/05\/jetzt-auch-in-der-westfield-shopping-city-sued\/\">Now Open in Westfield Shopping City S\u00fcd!<\/a><\/h2>\n    <div class=\"excerpt\">\n        <p>Our New Location in Westfield Shopping City S\u00fcd Is Now Open.<\/p>\n    <\/div>\n<\/article><article class=\"post\">\n            <a class=\"image\" href=\"https:\/\/bombayexpress.at\/en\/2025\/04\/15\/oster-oeffnungszeiten\/\">\n            <img decoding=\"async\" width=\"768\" height=\"512\" data-src=\"https:\/\/bombayexpress.at\/wp-content\/uploads\/sites\/3\/2024\/04\/be-novinky-at-covid-768x512.jpg\" class=\"thumbnail wp-post-image lazyload\" alt=\"Easter opening hours\" data-srcset=\"https:\/\/bombayexpress.at\/wp-content\/uploads\/sites\/3\/2024\/04\/be-novinky-at-covid-768x512.jpg 768w, https:\/\/bombayexpress.at\/wp-content\/uploads\/sites\/3\/2024\/04\/be-novinky-at-covid-800x533.jpg 800w, https:\/\/bombayexpress.at\/wp-content\/uploads\/sites\/3\/2024\/04\/be-novinky-at-covid-1200x800.jpg 1200w, https:\/\/bombayexpress.at\/wp-content\/uploads\/sites\/3\/2024\/04\/be-novinky-at-covid-1536x1024.jpg 1536w, https:\/\/bombayexpress.at\/wp-content\/uploads\/sites\/3\/2024\/04\/be-novinky-at-covid-384x256.jpg 384w, https:\/\/bombayexpress.at\/wp-content\/uploads\/sites\/3\/2024\/04\/be-novinky-at-covid-576x384.jpg 576w, https:\/\/bombayexpress.at\/wp-content\/uploads\/sites\/3\/2024\/04\/be-novinky-at-covid-1152x768.jpg 1152w, https:\/\/bombayexpress.at\/wp-content\/uploads\/sites\/3\/2024\/04\/be-novinky-at-covid.jpg 2000w\" data-sizes=\"(max-width: 768px) 100vw, 768px\" src=\"data:image\/svg+xml;base64,PHN2ZyB3aWR0aD0iMSIgaGVpZ2h0PSIxIiB4bWxucz0iaHR0cDovL3d3dy53My5vcmcvMjAwMC9zdmciPjwvc3ZnPg==\" style=\"--smush-placeholder-width: 768px; --smush-placeholder-aspect-ratio: 768\/512;\" \/>        <\/a>\n        <p class=\"date\">\n        15.&nbsp;04.&nbsp;2025    <\/p>\n    <h2><a href=\"https:\/\/bombayexpress.at\/en\/2025\/04\/15\/oster-oeffnungszeiten\/\">Easter opening hours<\/a><\/h2>\n    <div class=\"excerpt\">\n        <p>Easter opening hours<\/p>\n    <\/div>\n<\/article><article class=\"post\">\n            <a class=\"image\" href=\"https:\/\/bombayexpress.at\/en\/2024\/12\/18\/christmas-opening-hours-2\/\">\n            <img decoding=\"async\" width=\"768\" height=\"512\" data-src=\"https:\/\/bombayexpress.at\/wp-content\/uploads\/sites\/3\/2024\/12\/pexels-candis-hidalgo-639119-768x512.jpg\" class=\"thumbnail wp-post-image lazyload\" alt=\"Christmas opening hours\" data-srcset=\"https:\/\/bombayexpress.at\/wp-content\/uploads\/sites\/3\/2024\/12\/pexels-candis-hidalgo-639119-768x512.jpg 768w, https:\/\/bombayexpress.at\/wp-content\/uploads\/sites\/3\/2024\/12\/pexels-candis-hidalgo-639119-1536x1024.jpg 1536w, https:\/\/bombayexpress.at\/wp-content\/uploads\/sites\/3\/2024\/12\/pexels-candis-hidalgo-639119-384x256.jpg 384w, https:\/\/bombayexpress.at\/wp-content\/uploads\/sites\/3\/2024\/12\/pexels-candis-hidalgo-639119-576x384.jpg 576w, https:\/\/bombayexpress.at\/wp-content\/uploads\/sites\/3\/2024\/12\/pexels-candis-hidalgo-639119-1152x768.jpg 1152w\" data-sizes=\"(max-width: 768px) 100vw, 768px\" src=\"data:image\/svg+xml;base64,PHN2ZyB3aWR0aD0iMSIgaGVpZ2h0PSIxIiB4bWxucz0iaHR0cDovL3d3dy53My5vcmcvMjAwMC9zdmciPjwvc3ZnPg==\" style=\"--smush-placeholder-width: 768px; --smush-placeholder-aspect-ratio: 768\/512;\" \/>        <\/a>\n        <p class=\"date\">\n        18.&nbsp;12.&nbsp;2024    <\/p>\n    <h2><a href=\"https:\/\/bombayexpress.at\/en\/2024\/12\/18\/christmas-opening-hours-2\/\">Christmas opening hours<\/a><\/h2>\n    <div class=\"excerpt\">\n        <p>How we will be open during the Christmas and New Year holidays can be found in this article<\/p>\n    <\/div>\n<\/article><article class=\"post\">\n            <a class=\"image\" href=\"https:\/\/bombayexpress.at\/en\/2024\/10\/24\/bombay-express-feiert-seinen-5-geburtstag\/\">\n            <img decoding=\"async\" width=\"768\" height=\"512\" data-src=\"https:\/\/bombayexpress.at\/wp-content\/uploads\/sites\/3\/2024\/10\/WhatsApp-Image-2024-10-24-at-10.21.39-768x512.jpeg\" class=\"thumbnail wp-post-image lazyload\" alt=\"Bombay Express celebrates its 5th birthday\" data-srcset=\"https:\/\/bombayexpress.at\/wp-content\/uploads\/sites\/3\/2024\/10\/WhatsApp-Image-2024-10-24-at-10.21.39-768x512.jpeg 768w, https:\/\/bombayexpress.at\/wp-content\/uploads\/sites\/3\/2024\/10\/WhatsApp-Image-2024-10-24-at-10.21.39-1536x1024.jpeg 1536w, https:\/\/bombayexpress.at\/wp-content\/uploads\/sites\/3\/2024\/10\/WhatsApp-Image-2024-10-24-at-10.21.39-384x256.jpeg 384w, https:\/\/bombayexpress.at\/wp-content\/uploads\/sites\/3\/2024\/10\/WhatsApp-Image-2024-10-24-at-10.21.39-576x384.jpeg 576w, https:\/\/bombayexpress.at\/wp-content\/uploads\/sites\/3\/2024\/10\/WhatsApp-Image-2024-10-24-at-10.21.39-1152x768.jpeg 1152w\" data-sizes=\"(max-width: 768px) 100vw, 768px\" src=\"data:image\/svg+xml;base64,PHN2ZyB3aWR0aD0iMSIgaGVpZ2h0PSIxIiB4bWxucz0iaHR0cDovL3d3dy53My5vcmcvMjAwMC9zdmciPjwvc3ZnPg==\" style=\"--smush-placeholder-width: 768px; --smush-placeholder-aspect-ratio: 768\/512;\" \/>        <\/a>\n        <p class=\"date\">\n        24.&nbsp;10.&nbsp;2024    <\/p>\n    <h2><a href=\"https:\/\/bombayexpress.at\/en\/2024\/10\/24\/bombay-express-feiert-seinen-5-geburtstag\/\">Bombay Express celebrates its 5th birthday<\/a><\/h2>\n    <div class=\"excerpt\">\n        <p>Wir feiern unseren 5. Geburtstag seit der Er\u00f6ffnung. Am 24.10.&nbsp;erwartet Sie in der Filiale eine Erm\u00e4\u00dfigung!<\/p>\n    <\/div>\n<\/article><article class=\"post\">\n            <a class=\"image\" href=\"https:\/\/bombayexpress.at\/en\/2024\/04\/18\/changes-in-bombay-express-app\/\">\n            <img decoding=\"async\" width=\"768\" height=\"512\" data-src=\"https:\/\/bombayexpress.at\/wp-content\/uploads\/sites\/3\/2024\/04\/be-novinky-at-anderung-768x512.jpg\" class=\"thumbnail wp-post-image lazyload\" alt=\"Changes in Bombay Express App\" data-srcset=\"https:\/\/bombayexpress.at\/wp-content\/uploads\/sites\/3\/2024\/04\/be-novinky-at-anderung-768x512.jpg 768w, https:\/\/bombayexpress.at\/wp-content\/uploads\/sites\/3\/2024\/04\/be-novinky-at-anderung-384x256.jpg 384w, https:\/\/bombayexpress.at\/wp-content\/uploads\/sites\/3\/2024\/04\/be-novinky-at-anderung-576x384.jpg 576w, https:\/\/bombayexpress.at\/wp-content\/uploads\/sites\/3\/2024\/04\/be-novinky-at-anderung-1152x768.jpg 1152w\" data-sizes=\"(max-width: 768px) 100vw, 768px\" src=\"data:image\/svg+xml;base64,PHN2ZyB3aWR0aD0iMSIgaGVpZ2h0PSIxIiB4bWxucz0iaHR0cDovL3d3dy53My5vcmcvMjAwMC9zdmciPjwvc3ZnPg==\" style=\"--smush-placeholder-width: 768px; --smush-placeholder-aspect-ratio: 768\/512;\" \/>        <\/a>\n        <p class=\"date\">\n        18.&nbsp;04.&nbsp;2024    <\/p>\n    <h2><a href=\"https:\/\/bombayexpress.at\/en\/2024\/04\/18\/changes-in-bombay-express-app\/\">Changes in Bombay Express App<\/a><\/h2>\n    <div class=\"excerpt\">\n        <p>Dear customers, we have news for you regarding food delivery via our Bombay Express app.<\/p>\n    <\/div>\n<\/article><article class=\"post\">\n            <a class=\"image\" href=\"https:\/\/bombayexpress.at\/en\/2024\/03\/28\/easter-opening-hours-2\/\">\n            <img decoding=\"async\" width=\"768\" height=\"512\" data-src=\"https:\/\/bombayexpress.at\/wp-content\/uploads\/sites\/3\/2024\/04\/be-novinky-at-offnungszeiten-ostern-768x512.webp\" class=\"thumbnail wp-post-image lazyload\" alt=\"Easter opening hours\" data-srcset=\"https:\/\/bombayexpress.at\/wp-content\/uploads\/sites\/3\/2024\/04\/be-novinky-at-offnungszeiten-ostern-768x512.webp 768w, https:\/\/bombayexpress.at\/wp-content\/uploads\/sites\/3\/2024\/04\/be-novinky-at-offnungszeiten-ostern-800x533.webp 800w, https:\/\/bombayexpress.at\/wp-content\/uploads\/sites\/3\/2024\/04\/be-novinky-at-offnungszeiten-ostern-1200x800.webp 1200w, https:\/\/bombayexpress.at\/wp-content\/uploads\/sites\/3\/2024\/04\/be-novinky-at-offnungszeiten-ostern-1536x1024.webp 1536w, https:\/\/bombayexpress.at\/wp-content\/uploads\/sites\/3\/2024\/04\/be-novinky-at-offnungszeiten-ostern-384x256.webp 384w, https:\/\/bombayexpress.at\/wp-content\/uploads\/sites\/3\/2024\/04\/be-novinky-at-offnungszeiten-ostern-576x384.webp 576w, https:\/\/bombayexpress.at\/wp-content\/uploads\/sites\/3\/2024\/04\/be-novinky-at-offnungszeiten-ostern-1152x768.webp 1152w\" data-sizes=\"(max-width: 768px) 100vw, 768px\" src=\"data:image\/svg+xml;base64,PHN2ZyB3aWR0aD0iMSIgaGVpZ2h0PSIxIiB4bWxucz0iaHR0cDovL3d3dy53My5vcmcvMjAwMC9zdmciPjwvc3ZnPg==\" style=\"--smush-placeholder-width: 768px; --smush-placeholder-aspect-ratio: 768\/512;\" \/>        <\/a>\n        <p class=\"date\">\n        28.&nbsp;03.&nbsp;2024    <\/p>\n    <h2><a href=\"https:\/\/bombayexpress.at\/en\/2024\/03\/28\/easter-opening-hours-2\/\">Easter opening hours<\/a><\/h2>\n    <div class=\"excerpt\">\n        <p>Dear customers, during the Easter holidays we will be open for you according to our normal opening hours. <\/p>\n    <\/div>\n<\/article><\/div>                    <div class=\"facetwp-facet facetwp-facet-novinky_nacist_dalsi facetwp-type-pager\" data-name=\"novinky_nacist_dalsi\" data-type=\"pager\"><\/div>                <\/div>\n            <\/main>\n        <\/div>\n    <\/section>\n","protected":false},"excerpt":{"rendered":"","protected":false},"author":1,"featured_media":0,"parent":0,"menu_order":11,"comment_status":"closed","ping_status":"closed","template":"","meta":{"_acf_changed":false,"inline_featured_image":false,"footnotes":""},"class_list":["post-26155","page","type-page","status-publish","hentry"],"acf":[],"_links":{"self":[{"href":"https:\/\/bombayexpress.at\/en\/wp-json\/wp\/v2\/pages\/26155","targetHints":{"allow":["GET"]}}],"collection":[{"href":"https:\/\/bombayexpress.at\/en\/wp-json\/wp\/v2\/pages"}],"about":[{"href":"https:\/\/bombayexpress.at\/en\/wp-json\/wp\/v2\/types\/page"}],"author":[{"embeddable":true,"href":"https:\/\/bombayexpress.at\/en\/wp-json\/wp\/v2\/users\/1"}],"replies":[{"embeddable":true,"href":"https:\/\/bombayexpress.at\/en\/wp-json\/wp\/v2\/comments?post=26155"}],"version-history":[{"count":1,"href":"https:\/\/bombayexpress.at\/en\/wp-json\/wp\/v2\/pages\/26155\/revisions"}],"predecessor-version":[{"id":26156,"href":"https:\/\/bombayexpress.at\/en\/wp-json\/wp\/v2\/pages\/26155\/revisions\/26156"}],"wp:attachment":[{"href":"https:\/\/bombayexpress.at\/en\/wp-json\/wp\/v2\/media?parent=26155"}],"curies":[{"name":"wp","href":"https:\/\/api.w.org\/{rel}","templated":true}]}}